{"id":418,"date":"2023-10-02T09:23:53","date_gmt":"2023-10-02T09:23:53","guid":{"rendered":"https:\/\/musesfestival.com\/manifiesto\/"},"modified":"2024-09-28T07:30:27","modified_gmt":"2024-09-28T07:30:27","slug":"manifiesto","status":"publish","type":"page","link":"https:\/\/musesfestival.com\/es\/manifiesto\/","title":{"rendered":"Manifiesto"},"content":{"rendered":"\t\t<div data-elementor-type=\"wp-page\" data-elementor-id=\"418\" class=\"elementor elementor-418 elementor-91\" data-elementor-post-type=\"page\">\n\t\t\t\t<div class=\"elementor-element elementor-element-3f1fba9 e-con-full e-flex e-con e-parent\" data-id=\"3f1fba9\" data-element_type=\"container\" data-e-type=\"container\">\n\t\t<div class=\"elementor-element elementor-element-2d19128 e-con-full e-flex e-con e-child\" data-id=\"2d19128\" data-element_type=\"container\" data-e-type=\"container\">\n\t\t\t\t<div class=\"elementor-element elementor-element-2c63a35 elementor-widget elementor-widget-heading\" data-id=\"2c63a35\" data-element_type=\"widget\" data-e-type=\"widget\" data-widget_type=\"heading.default\">\n\t\t\t\t<div class=\"elementor-widget-container\">\n\t\t\t\t\t<h1 class=\"elementor-heading-title elementor-size-default\">Manifiesto<\/h1>\t\t\t\t<\/div>\n\t\t\t\t<\/div>\n\t\t\t\t<div class=\"elementor-element elementor-element-c1939dd elementor-widget elementor-widget-text-editor\" data-id=\"c1939dd\" data-element_type=\"widget\" data-e-type=\"widget\" data-widget_type=\"text-editor.default\">\n\t\t\t\t<div class=\"elementor-widget-container\">\n\t\t\t\t\t\t\t\t\t<div class=\"page\" title=\"Page 1\">\n<div class=\"section\">\n<div class=\"layoutArea\">\n<div class=\"column\">\n<p>El Muses Festival nace con el objetivo de potenciar y visibilizar la escena musical femenina en nuestro territorio. Este festival tiene un prop\u00f3sito bien definido: no se trata solo de un concierto aislado, sino que aspira a consolidar un ciclo de conciertos y convertirse en un referente de la cultura musical creada por mujeres. <\/p>\n<p>A trav\u00e9s de este evento, pretendemos destacar el talento y la creatividad de las mujeres en el \u00e1mbito musical. El Muses Festival no solo ofrece una experiencia musical \u00fanica, sino que tambi\u00e9n busca crear un espacio de intercambio e inspiraci\u00f3n entre las artistas y el p\u00fablico. <\/p>\n<p>El Muses Festival es una iniciativa reivindicativa que tiene como objetivo apoyar y combatir las desigualdades de g\u00e9nero presentes en el sector musical. Es una plataforma para el cambio que busca visibilizar y abordar las disparidades que experimentan las mujeres profesionales de la industria musical. A pesar de su profesionalidad, equivalente a la de los hombres, las mujeres a menudo no reciben el mismo trato justo e igualitario.  <\/p>\n<p>A trav\u00e9s de este festival, aspiramos a sensibilizar y concienciar sobre esta problem\u00e1tica persistente. Queremos crear una plataforma que permita a las mujeres en la m\u00fasica alcanzar las mismas oportunidades de desarrollo profesional que sus hom\u00f3logos masculinos. Parte de nuestra misi\u00f3n tambi\u00e9n es la pedagog\u00eda sobre la igualdad de g\u00e9nero. Colaboraremos con profesionales de nuestras comarcas para abordar esta cuesti\u00f3n crucial. Queremos educar y promover la igualdad de g\u00e9nero, generando cambios positivos en la percepci\u00f3n y las pr\u00e1cticas dentro de la industria musical.    <\/p>\n<p>Con estos objetivos en mente, aspiramos a crear un evento que no solo ofrecer\u00e1 entretenimiento musical, sino que tambi\u00e9n contribuir\u00e1 a la formaci\u00f3n, la concienciaci\u00f3n y el cambio social.<\/p>\n<\/div>\n<\/div>\n<\/div>\n<\/div>\n\t\t\t\t\t\t\t\t<\/div>\n\t\t\t\t<\/div>\n\t\t\t\t<div class=\"elementor-element elementor-element-20439ba elementor-widget elementor-widget-spacer\" data-id=\"20439ba\" data-element_type=\"widget\" data-e-type=\"widget\" data-widget_type=\"spacer.default\">\n\t\t\t\t<div class=\"elementor-widget-container\">\n\t\t\t\t\t\t\t<div class=\"elementor-spacer\">\n\t\t\t<div class=\"elementor-spacer-inner\"><\/div>\n\t\t<\/div>\n\t\t\t\t\t\t<\/div>\n\t\t\t\t<\/div>\n\t\t\t\t<\/div>\n\t\t<div class=\"elementor-element elementor-element-93d5f50 e-con-full e-flex e-con e-child\" data-id=\"93d5f50\" data-element_type=\"container\" data-e-type=\"container\">\n\t\t\t\t<div class=\"elementor-element elementor-element-5f37bf4 elementor-widget elementor-widget-image\" data-id=\"5f37bf4\" data-element_type=\"widget\" data-e-type=\"widget\" data-widget_type=\"image.default\">\n\t\t\t\t<div class=\"elementor-widget-container\">\n\t\t\t\t\t\t\t\t\t\t\t\t\t\t\t<img fetchpriority=\"high\" decoding=\"async\" width=\"1920\" height=\"1080\" src=\"https:\/\/musesfestival.com\/wp-content\/uploads\/2023\/10\/Muses-Festival-3.webp\" class=\"attachment-full size-full wp-image-329\" alt=\"\" srcset=\"https:\/\/musesfestival.com\/wp-content\/uploads\/2023\/10\/Muses-Festival-3.webp 1920w, https:\/\/musesfestival.com\/wp-content\/uploads\/2023\/10\/Muses-Festival-3-300x169.webp 300w, https:\/\/musesfestival.com\/wp-content\/uploads\/2023\/10\/Muses-Festival-3-1024x576.webp 1024w, https:\/\/musesfestival.com\/wp-content\/uploads\/2023\/10\/Muses-Festival-3-768x432.webp 768w, https:\/\/musesfestival.com\/wp-content\/uploads\/2023\/10\/Muses-Festival-3-1536x864.webp 1536w\" sizes=\"(max-width: 1920px) 100vw, 1920px\" title=\"\">\t\t\t\t\t\t\t\t\t\t\t\t\t\t\t<\/div>\n\t\t\t\t<\/div>\n\t\t\t\t<div class=\"elementor-element elementor-element-b6f378b elementor-widget elementor-widget-spacer\" data-id=\"b6f378b\" data-element_type=\"widget\" data-e-type=\"widget\" data-widget_type=\"spacer.default\">\n\t\t\t\t<div class=\"elementor-widget-container\">\n\t\t\t\t\t\t\t<div class=\"elementor-spacer\">\n\t\t\t<div class=\"elementor-spacer-inner\"><\/div>\n\t\t<\/div>\n\t\t\t\t\t\t<\/div>\n\t\t\t\t<\/div>\n\t\t\t\t<\/div>\n\t\t\t\t<\/div>\n\t\t<div class=\"elementor-element elementor-element-3ba915b e-con-full e-flex e-con e-parent\" data-id=\"3ba915b\" data-element_type=\"container\" data-e-type=\"container\">\n\t\t<div class=\"elementor-element elementor-element-8bfe120 e-con-full e-flex e-con e-child\" data-id=\"8bfe120\" data-element_type=\"container\" data-e-type=\"container\">\n\t\t\t\t<div class=\"elementor-element elementor-element-00f58da elementor-widget elementor-widget-heading\" data-id=\"00f58da\" data-element_type=\"widget\" data-e-type=\"widget\" data-widget_type=\"heading.default\">\n\t\t\t\t<div class=\"elementor-widget-container\">\n\t\t\t\t\t<h1 class=\"elementor-heading-title elementor-size-default\">Marco de referencia<\/h1>\t\t\t\t<\/div>\n\t\t\t\t<\/div>\n\t\t\t\t<div class=\"elementor-element elementor-element-a141cb7 elementor-widget elementor-widget-text-editor\" data-id=\"a141cb7\" data-element_type=\"widget\" data-e-type=\"widget\" data-widget_type=\"text-editor.default\">\n\t\t\t\t<div class=\"elementor-widget-container\">\n\t\t\t\t\t\t\t\t\t<div class=\"page\" title=\"Page 1\">\n<div class=\"section\">\n<div class=\"layoutArea\">\n<div class=\"column\">\n<p class=\"p1\">A principios de los a\u00f1os 90, surgi\u00f3 un movimiento feminista que abraz\u00f3 y dio visibilidad a las voces y la m\u00fasica creadas por mujeres. En ese per\u00edodo, caracterizado por el movimiento grunge y la ausencia del omnipresente internet de hoy, se desarroll\u00f3 una cultura underground que engendr\u00f3 un profundo sentimiento de comunidad. Todo esto se bas\u00f3 en la filosof\u00eda central del \u201cHazlo t\u00fa mismo\u201d (DIY).<\/p>\n<p class=\"p1\">Seg\u00fan los datos proporcionados por Women in Music (WIM), las mujeres representan solo el 30% de la industria musical. M\u00e1s espec\u00edficamente, apenas el 15% ocupan cargos de gesti\u00f3n en las discogr\u00e1ficas, un escaso 6% est\u00e1n involucradas en el \u00e1mbito de la producci\u00f3n, y solo el 16% est\u00e1n registradas como autoras. Estas cifras claras y contundentes destacan una desigualdad de g\u00e9nero persistente que afecta profundamente a la industria musical.   Esta situaci\u00f3n subraya la necesidad urgente de trabajar colectivamente para lograr una mayor representaci\u00f3n y m\u00e1s oportunidades para las mujeres en estos \u00e1mbitos profesionales.<\/p>\n<p class=\"p1\">La inclusi\u00f3n de las mujeres creativas en el mundo musical est\u00e1 experimentando cambios progresivos, aunque a\u00fan queda un largo camino por recorrer para lograr una aut\u00e9ntica igualdad de g\u00e9nero dentro del sector.<\/p>\n<p class=\"p1\">Resulta esencial continuar trabajando para eliminar las barreras y los estereotipos que limitan las oportunidades para las mujeres en \u00e1reas como la producci\u00f3n, la gesti\u00f3n y la composici\u00f3n musical. Es necesario promover espacios seguros, pol\u00edticas de igualdad e iniciativas que fomenten el talento y la participaci\u00f3n de las mujeres en todos los \u00e1mbitos de la industria musical. Con un esfuerzo colectivo, podemos avanzar hacia un futuro m\u00e1s equitativo e inclusivo para todas las personas creativas.<\/p>\n<\/div>\n<\/div>\n<\/div>\n<\/div>\n\t\t\t\t\t\t\t\t<\/div>\n\t\t\t\t<\/div>\n\t\t\t\t<\/div>\n\t\t<div class=\"elementor-element elementor-element-bf58ae3 e-con-full e-flex e-con e-child\" data-id=\"bf58ae3\" data-element_type=\"container\" data-e-type=\"container\">\n\t\t\t\t<div class=\"elementor-element elementor-element-f2ea99a elementor-widget elementor-widget-spacer\" data-id=\"f2ea99a\" data-element_type=\"widget\" data-e-type=\"widget\" data-widget_type=\"spacer.default\">\n\t\t\t\t<div class=\"elementor-widget-container\">\n\t\t\t\t\t\t\t<div class=\"elementor-spacer\">\n\t\t\t<div class=\"elementor-spacer-inner\"><\/div>\n\t\t<\/div>\n\t\t\t\t\t\t<\/div>\n\t\t\t\t<\/div>\n\t\t\t\t<div class=\"elementor-element elementor-element-a873758 elementor-widget elementor-widget-image\" data-id=\"a873758\" data-element_type=\"widget\" data-e-type=\"widget\" data-widget_type=\"image.default\">\n\t\t\t\t<div class=\"elementor-widget-container\">\n\t\t\t\t\t\t\t\t\t\t\t\t\t\t\t<img decoding=\"async\" width=\"1080\" height=\"1920\" src=\"https:\/\/musesfestival.com\/wp-content\/uploads\/2023\/10\/1920x1080_Artur_marti_web_home4.jpg\" class=\"attachment-full size-full wp-image-333\" alt=\"\" srcset=\"https:\/\/musesfestival.com\/wp-content\/uploads\/2023\/10\/1920x1080_Artur_marti_web_home4.jpg 1080w, https:\/\/musesfestival.com\/wp-content\/uploads\/2023\/10\/1920x1080_Artur_marti_web_home4-169x300.jpg 169w, https:\/\/musesfestival.com\/wp-content\/uploads\/2023\/10\/1920x1080_Artur_marti_web_home4-576x1024.jpg 576w, https:\/\/musesfestival.com\/wp-content\/uploads\/2023\/10\/1920x1080_Artur_marti_web_home4-768x1365.jpg 768w, https:\/\/musesfestival.com\/wp-content\/uploads\/2023\/10\/1920x1080_Artur_marti_web_home4-864x1536.jpg 864w\" sizes=\"(max-width: 1080px) 100vw, 1080px\" title=\"\">\t\t\t\t\t\t\t\t\t\t\t\t\t\t\t<\/div>\n\t\t\t\t<\/div>\n\t\t\t\t<\/div>\n\t\t\t\t<\/div>\n\t\t\t\t<\/div>\n\t\t","protected":false},"excerpt":{"rendered":"<p>Manifiesto El Muses Festival nace con el objetivo de potenciar y visibilizar la escena musical femenina en nuestro territorio. Este festival tiene un prop\u00f3sito bien definido: no se trata solo de un concierto aislado, sino que aspira a consolidar un ciclo de conciertos y convertirse en un referente de la cultura musical creada por mujeres. [&hellip;]<\/p>\n","protected":false},"author":1,"featured_media":0,"parent":0,"menu_order":0,"comment_status":"closed","ping_status":"closed","template":"","meta":{"footnotes":""},"class_list":["post-418","page","type-page","status-publish","hentry"],"_links":{"self":[{"href":"https:\/\/musesfestival.com\/es\/wp-json\/wp\/v2\/pages\/418","targetHints":{"allow":["GET"]}}],"collection":[{"href":"https:\/\/musesfestival.com\/es\/wp-json\/wp\/v2\/pages"}],"about":[{"href":"https:\/\/musesfestival.com\/es\/wp-json\/wp\/v2\/types\/page"}],"author":[{"embeddable":true,"href":"https:\/\/musesfestival.com\/es\/wp-json\/wp\/v2\/users\/1"}],"replies":[{"embeddable":true,"href":"https:\/\/musesfestival.com\/es\/wp-json\/wp\/v2\/comments?post=418"}],"version-history":[{"count":2,"href":"https:\/\/musesfestival.com\/es\/wp-json\/wp\/v2\/pages\/418\/revisions"}],"predecessor-version":[{"id":1082,"href":"https:\/\/musesfestival.com\/es\/wp-json\/wp\/v2\/pages\/418\/revisions\/1082"}],"wp:attachment":[{"href":"https:\/\/musesfestival.com\/es\/wp-json\/wp\/v2\/media?parent=418"}],"curies":[{"name":"wp","href":"https:\/\/api.w.org\/{rel}","templated":true}]}}