{"id":1842,"date":"2023-10-02T08:44:55","date_gmt":"2023-10-02T08:44:55","guid":{"rendered":"https:\/\/musesfestival.com\/politica-de-privacidad\/"},"modified":"2026-02-27T20:07:57","modified_gmt":"2026-02-27T20:07:57","slug":"politica-de-privacidad","status":"publish","type":"page","link":"https:\/\/musesfestival.com\/es\/politica-de-privacidad\/","title":{"rendered":"Pol\u00edtica de privacidad"},"content":{"rendered":"\t\t<div data-elementor-type=\"wp-page\" data-elementor-id=\"1842\" class=\"elementor elementor-1842 elementor-3\" data-elementor-post-type=\"page\">\n\t\t\t\t<div class=\"elementor-element elementor-element-32ab6cd2 e-con-full e-flex e-con e-parent\" data-id=\"32ab6cd2\" data-element_type=\"container\" data-e-type=\"container\">\n\t\t\t\t<div class=\"elementor-element elementor-element-181cd06 elementor-widget elementor-widget-heading\" data-id=\"181cd06\" data-element_type=\"widget\" data-e-type=\"widget\" data-widget_type=\"heading.default\">\n\t\t\t\t<div class=\"elementor-widget-container\">\n\t\t\t\t\t<h1 class=\"elementor-heading-title elementor-size-default\">Pol\u00edtica de privacidad<\/h1>\t\t\t\t<\/div>\n\t\t\t\t<\/div>\n\t\t\t\t<div class=\"elementor-element elementor-element-717e324 elementor-widget elementor-widget-text-editor\" data-id=\"717e324\" data-element_type=\"widget\" data-e-type=\"widget\" data-widget_type=\"text-editor.default\">\n\t\t\t\t<div class=\"elementor-widget-container\">\n\t\t\t\t\t\t\t\t\t<p class=\"p1\">Esta web ha sido creada por Marco Rodr\u00edguez Tocino<\/p>\n<p class=\"p1\">El usuario se obliga a hacer un correcto uso del sitio web de conformidad con las leyes, la buena fe, el orden p\u00fablico, los usos del tr\u00e1fico y el presente Aviso Legal. El usuario responder\u00e1 ante Marco Rodr\u00edguez Tocino o frente a terceros de cualquier da\u00f1os y perjuicios que pudieran causarse como consecuencia del incumplimiento de esta obligaci\u00f3n. <br>El hecho de acceder a esta web implica el conocimiento y aceptaci\u00f3n de los siguientes t\u00e9rminos y condiciones:<\/p>\n<ol class=\"ol1\">\n<li class=\"li2\">Titularidad de la p\u00e1gina web<br>Denominaci\u00f3n social: Marco Rodr\u00edguez Tocino<br>DNI: 39706009M<br>Domicilio social: Calle Balmes&lt; 2 &gt; 14 , Reus<br>Tel\u00e9fono de contacto: +34 669617517<br>Direcci\u00f3n de correo electr\u00f3nico: marcoeclectico@gmail.com\n<\/li>\n<li class=\"li2\">Propiedad intelectual de la web<br>Todos los derechos de propiedad intelectual del contenido de esta web y su dise\u00f1o gr\u00e1fico son propiedad exclusiva de Marco Rodr\u00edguez Tocino<br>o de terceros que han autorizado el uso de estos contenidos a Marco Rodr\u00edguez Tocino<br>, que es a quien corresponde el ejercicio exclusivo de los derechos de explotaci\u00f3n de los mismos. Por tanto, queda prohibida su reproducci\u00f3n, distribuci\u00f3n, comunicaci\u00f3n p\u00fablica y transformaci\u00f3n, total o parcial, sin la autorizaci\u00f3n expresa de Marco Rodr\u00edguez Tocino<br>. Asimismo, todos los signos distintivos, marcas, nombres comerciales o signos de cualquier tipo contenidos en esta p\u00e1gina web est\u00e1n protegidos por ley.  \n<\/li>\n<li class=\"li2\">Condiciones de acceso y utilizaci\u00f3n<br>El sitio web y sus servicios son de acceso libre y gratuito. El usuario garantiza la autenticidad y actualidad de todos aquellos datos que comuniquen a <span class=\"Apple-converted-space\">&nbsp; <\/span>Marco Rodr\u00edguez Tocino<br>y ser\u00e1 el \u00fanico responsable de las manifestaciones falsas o inexactas que realice.<\/li>\n<\/ol>\n<p class=\"p1\">El usuario se compromete expresamente a hacer un uso adecuado de los contenidos y servicios de Marco Rodr\u00edguez Tocino&lt; 1 &gt;ya no emplearlos, por, entre otros:<\/p>\n<ol class=\"ol1\">\n<li class=\"li2\">a) Difundir contenidos, delictivos, violentos, pornogr\u00e1ficos, racistas, xen\u00f3fobos, ofensivos, de apolog\u00eda del terrorismo, o, en general, contrarios a la ley o al orden p\u00fablico.<br>b) Introducir en la red virus inform\u00e1ticos o realizar\u00e9 actuaciones susceptibles de alterar, estropear, interrumpir o generar errores o da\u00f1os en los documentos electr\u00f3nicos, datos o sistemas f\u00edsicos y l\u00f3gicos de Marco Rodr\u00edguez Tocino<br>o de terceras personas; as\u00ed como obstaculizar el acceso de otros usuarios al sitio web y sus servicios mediante el consumo masivo de los recursos inform\u00e1ticos a trav\u00e9s de los cuales Marco Rodr\u00edguez Tocino presta sus servicios.<br>c) Intentar acceder a las cuentas de correo electr\u00f3nico de otros usuarios o \u00e1reas restringidas de los sistemas inform\u00e1ticos de Marco Rodr\u00edguez Tocino o de terceros y, en su caso, extraer informaci\u00f3n.<br>d) Vulnerar los derechos de propiedad intelectual o industrial, as\u00ed como violar la confidencialidad de la informaci\u00f3n de Marco Rodr\u00edguez Tocino o de terceros.<br>e) Suplantar la identidad de otro usuario, de las administraciones p\u00fablicas o de un tercero.<br>f) Reproducir, copiar, distribuir, poner a disposici\u00f3n de cualquier otra forma de comunicar p\u00fablicamente, transformar o modificar los contenidos, salvo que se cuente con la autorizaci\u00f3n del titular de los correspondientes derechos o ello resulte legalmente permitido.<br>g) Recabar datos con finalidad publicitaria y de remitir publicidad de cualquier tipo y comunicaciones con fines de venta u otros de naturaleza comercial sin que intervenga su previa solicitud o consentimiento.\n<\/li>\n<\/ol>\n<p class=\"p1\">Todos los contenidos del sitio web, como textos, fotograf\u00edas, gr\u00e1ficos, im\u00e1genes, iconos, tecnolog\u00eda, software, as\u00ed como su dise\u00f1o gr\u00e1fico y c\u00f3digos fuente, constituyen una obra cuya propiedad pertenece a Marco Rodr\u00edguez Tocino, sin que puedan entenderse cedidos al usuario ninguno de los derechos de explotaci\u00f3n sobre los mismos m\u00e1s all\u00e1 de lo estrictamente necesario para el correcto uso de la web. En definitiva, los usuarios que accedan a este sitio web pueden visualizar los contenidos y efectuar, en su caso, copias privadas autorizadas siempre que los elementos reproducidos no sean cedidos posteriormente a terceros, ni se instalen en servidores conectados a redes, ni sean objeto de ning\u00fan tipo de explotaci\u00f3n. Sin embargo, todas las marcas, nombres comerciales o signos distintivos Tocino, sin que pueda entenderse que el uso o acceso al mismo atribuya al usuario derecho alguno sobre los mismos. La distribuci\u00f3n, modificaci\u00f3n, cesi\u00f3n o comunicaci\u00f3n p\u00fablica de los contenidos y cualquier otro acto que no haya sido expresamente autorizado por el titular de los derechos de explotaci\u00f3n quedan prohibidos.<\/p>\n<p class=\"p1\">El establecimiento de un hiperv\u00ednculo no implica en ning\u00fan caso la existencia de relaciones entre Marco Rodr\u00edguez Tocino y el propietario del sitio web en la que se establezca, ni la aceptaci\u00f3n y aprobaci\u00f3n por parte de Marco Rodr\u00edguez Tocino de sus contenidos o servicios. Aquellas personas que se propongan establecer un hiperv\u00ednculo previamente tendr\u00e1n que solicitar autorizaci\u00f3n por escrito a Marco Rodr\u00edguez Tocino. En cualquier caso, el hiperv\u00ednculo \u00fanicamente permitir\u00e1 el acceso a la home-page o p\u00e1gina de inicio de nuestro sitio web, sin embargo deber\u00e1 abstenerse de realizar manifestaciones e indicaciones falsas, inexactas o incorrectas sobre Marco Rodr\u00edguez Tocino, o incluir contenidos il\u00edcitos, contrarios a las buenas costumbres y al orden p\u00fablico.  <\/p>\n<p class=\"p1\">Marco Rodr\u00edguez Tocino no se responsabiliza del uso que cada usuario le d\u00e9 a los materiales puestos a disposici\u00f3n en este sitio web ni de las actuaciones que realice en base a los mismos.<\/p>\n<ol class=\"ol1\">\n<li class=\"li2\">Exclusi\u00f3n de garant\u00edas y de responsabilidad<br>El contenido del presente sitio web es de car\u00e1cter general y tiene una finalidad meramente informativa, sin que garantice plenamente el acceso a todos los contenidos, ni su exhaustividad, correcci\u00f3n, vigencia o actualidad, ni su idoneidad o utilidad por un objetivo espec\u00edfico.\n<\/li>\n<\/ol>\n<p class=\"p1\">Marco Rodr\u00edguez Tocino excluye, hasta donde permite el ordenamiento jur\u00eddico, cualquier responsabilidad por los da\u00f1os y perjuicios de toda naturaleza derivados de:<br>a) La imposibilidad de acceso al sitio web o la falta de veracidad, exactitud, exhaustividad y\/o actualidad de los contenidos, as\u00ed como la existencia de vicios y defectos de todo tipo de contenidos transmitidos, difundidos, almacenados, puestos a disposici\u00f3n a los que se haya accedido a trav\u00e9s del sitio web o de los servicios que se ofrecen.<br>b) La presencia de virus u otros elementos en los contenidos que puedan producir alteraciones de los sistemas inform\u00e1ticos, documentos electr\u00f3nicos o datos de los usuarios.<br>c) El incumplimiento de las leyes, la buena fe, el orden p\u00fablico, los usos de tr\u00e1fico y el presente aviso legal como consecuencia del uso incorrecto del sitio web. En particular, ya modo ejemplificador, Marco Rodr\u00edguez Tocino no se hace responsable de las actuaciones de terceros que vulneran derechos de propiedad intelectual e industrial, secretos empresariales, derechos al honor, a la intimidad personal y familiar ya la propia imagen, as\u00ed como la normativa en materia de competencia desleal y publicidad il\u00edcita. <\/p>\n<p class=\"p1\">Asimismo, Marco Rodr\u00edguez Tocino declina cualquier responsabilidad respecto a la informaci\u00f3n que se encuentre fuera de esta web y no sea gestionada directamente por nuestro webmaster. La funci\u00f3n de los links que aparecen en esta web es exclusivamente la de informar al usuario sobre la existencia de otras fuentes susceptibles de ampliar los contenidos que ofrece este sitio web. Marco Rodr\u00edguez Tocino no garantiza ni se responsabiliza del funcionamiento o accesibilidad de los sitios enlazados; ni sugiere, invita o recomienda la visita de los mismos, por lo que tampoco ser\u00e1 responsable del resultado obtenido. Marco Rodr\u00edguez Tocino no se responsabiliza del establecimiento de hiperv\u00ednculos por parte de terceros.   <\/p>\n<ol class=\"ol1\">\n<li class=\"li2\">Pol\u00edtica de privacidad<br>De acuerdo con el Reglamento Europeo 2016\/679 general de protecci\u00f3n de datos (GDRP); la Ley 34\/2002, de 11 de julio, de servicios de la sociedad de la informaci\u00f3n y comercio electr\u00f3nico; Ley Org\u00e1nica 15\/1999, de 13 de diciembre, de Protecci\u00f3n de Datos de Car\u00e1cter Personal, el Real Decreto 1720\/2007, de 21 de diciembre, y &lt; 1 &gt;Ley Org\u00e1nica 3\/2018, de 5 de diciembre, de Protecci\u00f3n de Datos Personales y garant\u00eda de los derechos digitales LOPD<br>Cuando precisamos obtener informaci\u00f3n por su parte, siempre le solicitaremos que nos lo proporcione voluntariamente de forma expresa. Los datos recabados a trav\u00e9s de los formularios de recogida de datos del sitio web de otras v\u00edas ser\u00e1n incorporados a un fichero de datos de car\u00e1cter personal debidamente inscrito en el Registro General de Protecci\u00f3n de Datos de la Agencia Espa\u00f1ola de Protecci\u00f3n de Datos y en el Registro interno de Actividades del tratamiento, del que es responsable Marco Rodr\u00edguez Tocino. Esta entidad tratar\u00e1 los datos de forma confidencial y exclusivamente con la finalidad de ofrecer servicios solicitados, con todas las garant\u00edas legales y de seguridad.  <\/li>\n<\/ol>\n<p class=\"p1\">Marco Rodr\u00edguez Tocino se compromete a: no ceder, vender ni compartir los datos con terceros sin su aprobaci\u00f3n expresa, a no utilizar estos datos para realizar an\u00e1lisis de perfiles (decisiones individualizadas).<\/p>\n<p class=\"p1\">Sin embargo, Marco Rodr\u00edguez Tocino cancelar\u00e1 o rectificar\u00e1 los datos cuando resulten inexactos, incompletos o hayan dejado de ser necesarios o pertinentes para su finalidad, de conformidad con lo previsto en la normativa indicada.<\/p>\n<p class=\"p1\">El usuario podr\u00e1 revocar el consentimiento prestado y ejercer los derechos de acceso, rectificaci\u00f3n, cancelaci\u00f3n, supresi\u00f3n, portabilidad y oposici\u00f3n dirigi\u00e9ndose por escrito a: Marco Rodr\u00edguez Tocino en Calle Balmes&lt; 2 &gt;&lt; 3 &gt;14 , Reus, o bien mediante el correo electr\u00f3nico marcoeclectico@gmail.com identific\u00e1ndose de visible<\/p>\n<p>Marco Rodr\u00edguez Tocino adopta los correspondientes niveles de seguridad requeridos por la citada Ley Org\u00e1nica 15\/1999 y otras normativas aplicables. Sin embargo, no asume ninguna responsabilidad por los da\u00f1os y perjuicios derivados de alteraciones que terceros pueden causar en los sistemas inform\u00e1ticos, documentos electr\u00f3nicos o ficheros del usuario. <\/p>\n<p class=\"p1\"><b>5.1. Pol\u00edtica de privacidad y protecci\u00f3n de datos para formularios de contacto<br><\/b><br>De acuerdo con lo establecido por la Ley Org\u00e1nica 15\/1999, de 13 de diciembre, de Protecci\u00f3n de Datos de Car\u00e1cter Personal (LOPD), consiento que los datos facilitados en el formulario sean incorporados a un fichero del que es titular Marco Rodr\u00edguez Tocino con la finalidad de:<\/p>\n<p class=\"p1\">-La tramitaci\u00f3n y gesti\u00f3n de la solicitud de informaci\u00f3n, contrato o pre-contrato realizado por el usuario mediante esta web, tel\u00e9fono, correo postal o correo electr\u00f3nico.<br>-La gesti\u00f3n y control peri\u00f3dico de los servicios ofrecidos por los medios antes mencionados.<br>-El env\u00edo de informaci\u00f3n comercial sobre servicios y productos de Marco Rodr\u00edguez Tocino, empresas del grupo y filiales pudieran ofrecer al usuario de esta web.<\/p>\n<p class=\"p1\">La cumplimentaci\u00f3n de todos los datos personales facilitados es totalmente voluntaria, pero necesaria para la gesti\u00f3n de su solicitud y el usuario se hace responsable sobre su veracidad y exactitud.<\/p>\n<p class=\"p1\">El usuario consiente que sus datos sean cedidos, exclusivamente para las finalidades indicadas anteriormente, a otras entidades pertenecientes al grupo de empresas de Marco Rodr\u00edguez Tocino, filiales y participadas, as\u00ed como a otras personas f\u00edsicas o jur\u00eddicas que, sin embargo, desarrollen cualesquiera de las referidas actividades y con las que las diversas entidades de las empresas. Todo esto tanto si se formalizara o no alguna operaci\u00f3n. <\/p>\n<p class=\"p1\">Asimismo, el usuario declara haber sido informado de la posibilidad de ejercitar los derechos de acceso, rectificaci\u00f3n, supresi\u00f3n, limitaci\u00f3n del tratamiento, portabilidad de los datos, oposici\u00f3n, a no ser objeto de decisiones individuales y automatizadas de mis datos, mediante comunicaci\u00f3n escrita dirigida a: Marco Rodr\u00edguez Tocino, Calle Balmes 14,&lt; 2 &gt; Reus, o bien. LOPD), identific\u00e1ndome debidamente.<\/p>\n<p class=\"p1\">Si prefiere no recibir estos mensajes por correo electr\u00f3nico le ofrecemos a trav\u00e9s de los mismos la posibilidad de ejercer su derecho de cancelaci\u00f3n y renuncia a la recepci\u00f3n de estos mensajes, de conformidad con lo dispuesto en el T\u00edtulo III, art\u00edculo 22 de la Ley 34\/2002 de Servicios para la Sociedad de la Informaci\u00f3n y de Comercio Electr\u00f3nico y dem\u00e1s normativa indicada.<\/p>\n<ol class=\"ol1\">\n<li class=\"li2\">Publicaciones<br>La informaci\u00f3n administrativa facilitada a trav\u00e9s del sitio web no sustituye a la publicidad legal de las leyes, normativas, planes, disposiciones generales y actas que deban ser publicados formalmente en los diarios oficiales de las administraciones p\u00fablicas, que constituyen el \u00fanico instrumento que da fe de su autenticidad y contenido. La informaci\u00f3n disponible en este sitio web debe entenderse como una gu\u00eda sin prop\u00f3sito de validez legal. \n<\/li>\n<li class=\"li2\">Actualizaci\u00f3n y modificaci\u00f3n de la web<br>Marco Rodr\u00edguez Tocino se reserva el rasgo de actualizar, modificar o eliminar la informaci\u00f3n contenida en su web, y su configuraci\u00f3n o presentaci\u00f3n, en cualquier momento, sin previo aviso y sin asumir responsabilidad alguna por ello, incluyendo este Aviso Legal.\n<\/li>\n<li class=\"li2\">Indicaciones sobre aspecto t\u00e9cnico<br>Marco Rodr\u00edguez Tocino no asume ninguna responsabilidad que pueda derivarse de problemas t\u00e9cnicos o errores de los equipos inform\u00e1ticos, no imputables a Marco Rodr\u00edguez Tocino A; que se produzcan durante la conexi\u00f3n a la red de Internet, o que puedan ser causados \u200b\u200bpor terceras personas mediante intromisiones ileg\u00edtimas fuera de su control.<br>Tambi\u00e9n queda exonerada de toda responsabilidad frente a posibles da\u00f1os o prejuicios que pueda sufrir el usuario como consecuencia de errores, defectos u omisiones a la informaci\u00f3n que facilita cuando proceda de terceras fuentes.\n<\/li>\n<li class=\"li2\">Aviso sobre la utilizaci\u00f3n de cookies<br>Consultar este enlace. <a href=\"https:\/\/musesfestival.com\/es\/politica-de-cookies\/\"><span class=\"s1\">enlla\u00e7<\/span><\/a>\n<\/li>\n<li class=\"li2\">Legislaci\u00f3n y jurisdicci\u00f3n aplicable<br>En el caso de que cualquier usuario o un tercero considere que existen hechos o circunstancias que revelan el car\u00e1cter il\u00edcito de la utilizaci\u00f3n de cualquier contenido y\/o de la realizaci\u00f3n de cualquier actividad a las p\u00e1ginas web incluidas o accesibles a trav\u00e9s del sitio web, deber\u00e1 enviar una notificaci\u00f3n a Marco Rodr\u00edguez Tocino identific\u00e1ndose debidamente informando la supuesta infracci\u00f3n es exacta.<br>Para cualquier cuesti\u00f3n litigiosa que incumba el sitio web de Marco Rodr\u00edguez Tocino, ser\u00e1 de aplicaci\u00f3n la legislaci\u00f3n espa\u00f1ola, siendo competentes los Juzgados y Tribunales de Reus (Espa\u00f1a).\n<\/li>\n<\/ol>\n<p class=\"p1\">Los usuarios de esta web son conscientes de todo lo expuesto y lo aceptan de forma voluntaria.<\/p>\t\t\t\t\t\t\t\t<\/div>\n\t\t\t\t<\/div>\n\t\t\t\t<\/div>\n\t\t\t\t<\/div>\n\t\t","protected":false},"excerpt":{"rendered":"<p>Pol\u00edtica de privacidad Esta web ha sido creada por Marco Rodr\u00edguez Tocino El usuario se obliga a hacer un correcto uso del sitio web de conformidad con las leyes, la buena fe, el orden p\u00fablico, los usos del tr\u00e1fico y el presente Aviso Legal. El usuario responder\u00e1 ante Marco Rodr\u00edguez Tocino o frente a terceros [&hellip;]<\/p>\n","protected":false},"author":1,"featured_media":0,"parent":0,"menu_order":0,"comment_status":"closed","ping_status":"closed","template":"","meta":{"footnotes":""},"class_list":["post-1842","page","type-page","status-publish","hentry"],"_links":{"self":[{"href":"https:\/\/musesfestival.com\/es\/wp-json\/wp\/v2\/pages\/1842","targetHints":{"allow":["GET"]}}],"collection":[{"href":"https:\/\/musesfestival.com\/es\/wp-json\/wp\/v2\/pages"}],"about":[{"href":"https:\/\/musesfestival.com\/es\/wp-json\/wp\/v2\/types\/page"}],"author":[{"embeddable":true,"href":"https:\/\/musesfestival.com\/es\/wp-json\/wp\/v2\/users\/1"}],"replies":[{"embeddable":true,"href":"https:\/\/musesfestival.com\/es\/wp-json\/wp\/v2\/comments?post=1842"}],"version-history":[{"count":3,"href":"https:\/\/musesfestival.com\/es\/wp-json\/wp\/v2\/pages\/1842\/revisions"}],"predecessor-version":[{"id":1845,"href":"https:\/\/musesfestival.com\/es\/wp-json\/wp\/v2\/pages\/1842\/revisions\/1845"}],"wp:attachment":[{"href":"https:\/\/musesfestival.com\/es\/wp-json\/wp\/v2\/media?parent=1842"}],"curies":[{"name":"wp","href":"https:\/\/api.w.org\/{rel}","templated":true}]}}