{"id":1090,"date":"2024-09-13T11:16:27","date_gmt":"2024-09-13T11:16:27","guid":{"rendered":"https:\/\/musesfestival.com\/patrocinadores\/"},"modified":"2026-03-02T15:24:31","modified_gmt":"2026-03-02T15:24:31","slug":"patrocinadores","status":"publish","type":"page","link":"https:\/\/musesfestival.com\/es\/patrocinadores\/","title":{"rendered":"Patrocinadores"},"content":{"rendered":"\t\t<div data-elementor-type=\"wp-page\" data-elementor-id=\"1090\" class=\"elementor elementor-1090 elementor-891\" data-elementor-post-type=\"page\">\n\t\t\t\t<div class=\"elementor-element elementor-element-1048632 e-con-full e-flex e-con e-parent\" data-id=\"1048632\" data-element_type=\"container\" data-e-type=\"container\" id=\"patrocinadors\">\n\t\t<div class=\"elementor-element elementor-element-862c297 e-con-full e-flex e-con e-child\" data-id=\"862c297\" data-element_type=\"container\" data-e-type=\"container\">\n\t\t\t\t<div class=\"elementor-element elementor-element-8914cc3 elementor-widget elementor-widget-heading\" data-id=\"8914cc3\" data-element_type=\"widget\" data-e-type=\"widget\" data-widget_type=\"heading.default\">\n\t\t\t\t<div class=\"elementor-widget-container\">\n\t\t\t\t\t<h1 class=\"elementor-heading-title elementor-size-default\">Patrocinadores<\/h1>\t\t\t\t<\/div>\n\t\t\t\t<\/div>\n\t\t\t\t<div class=\"elementor-element elementor-element-49f0489 elementor-widget elementor-widget-text-editor\" data-id=\"49f0489\" data-element_type=\"widget\" data-e-type=\"widget\" data-widget_type=\"text-editor.default\">\n\t\t\t\t<div class=\"elementor-widget-container\">\n\t\t\t\t\t\t\t\t\t<div class=\"default-style\"><div>Desde el <em>Festival de Escena Musical Femenina, MUSES<\/em>, queremos expresar nuestro profundo agradecimiento a nuestros patrocinadores: BOSE Profesional, CUPRA Baycar y Fundaci\u00f3 Privada Reddis. Vuestra confianza y apoyo han sido clave para dar visibilidad a los artistas y grupos musicales que participan en esta edici\u00f3n del festival.<\/div><div> <\/div><div>Tambi\u00e9n queremos agradecer el apoyo la Diputaci\u00f3n de Tarragona y el Patronato de Turismo, as\u00ed como el Ayuntamiento de Reus con la Concejal\u00eda de Cultura y Casal de la Mujer, en el Ayuntamiento de Valls, el Ayuntamiento de Falset, el Ayuntamiento de Santes Creus, en el Centro de Artes Contempor\u00e1neas de Tarragona, en el Puerto de Tarragona, en el AASS Espais Ocul facilita los espacios de la ciudad y han contribuido a hacer posible este proyecto.<\/div><div> <\/div><div>Adem\u00e1s, queremos destacar la participaci\u00f3n de nuestros colaboradores: Trasquil\u00f3n, Yamaha Music School Tgn, REDESSA y las Bibliotecas de Reus. Gracias a vosotros, hemos podido ofrecer un espacio de conexi\u00f3n y aprendizaje tanto para el p\u00fablico como para los artistas.<\/div><div> <\/div><div>Nuestro objetivo es seguir trabajando juntos para apoyar el talento musical femenino y crear experiencias enriquecedoras a trav\u00e9s de la m\u00fasica.<\/div><div> <\/div><\/div><div class=\"io-ox-signature\"><div class=\"default-style\">ALMA<\/div><div class=\"default-style\"> <\/div><div class=\"default-style\">MUSES, festival escena musical femenina<\/div><\/div>\t\t\t\t\t\t\t\t<\/div>\n\t\t\t\t<\/div>\n\t\t\t\t<\/div>\n\t\t<div class=\"elementor-element elementor-element-ecf75cd e-con-full e-flex e-con e-child\" data-id=\"ecf75cd\" data-element_type=\"container\" data-e-type=\"container\">\n\t\t<div class=\"elementor-element elementor-element-9d8fcc1 e-con-full e-flex e-con e-child\" data-id=\"9d8fcc1\" data-element_type=\"container\" data-e-type=\"container\">\n\t\t<div class=\"elementor-element elementor-element-6de76af e-con-full e-flex e-con e-child\" data-id=\"6de76af\" data-element_type=\"container\" data-e-type=\"container\">\n\t\t\t\t<div class=\"elementor-element elementor-element-6122b47 elementor-widget elementor-widget-heading\" data-id=\"6122b47\" data-element_type=\"widget\" data-e-type=\"widget\" data-widget_type=\"heading.default\">\n\t\t\t\t<div class=\"elementor-widget-container\">\n\t\t\t\t\t<h2 class=\"elementor-heading-title elementor-size-default\">Con el patrocinio<\/h2>\t\t\t\t<\/div>\n\t\t\t\t<\/div>\n\t\t\t\t<\/div>\n\t\t<div class=\"elementor-element elementor-element-edd6afa e-con-full e-flex e-con e-child\" data-id=\"edd6afa\" data-element_type=\"container\" data-e-type=\"container\">\n\t\t<div class=\"elementor-element elementor-element-466c940 e-grid e-con-full e-con e-child\" data-id=\"466c940\" data-element_type=\"container\" data-e-type=\"container\">\n\t\t\t\t<div class=\"elementor-element elementor-element-45f6aa5 elementor-widget elementor-widget-image\" data-id=\"45f6aa5\" data-element_type=\"widget\" data-e-type=\"widget\" data-widget_type=\"image.default\">\n\t\t\t\t<div class=\"elementor-widget-container\">\n\t\t\t\t\t\t\t\t\t\t\t\t\t\t\t<img fetchpriority=\"high\" decoding=\"async\" width=\"625\" height=\"625\" src=\"https:\/\/musesfestival.com\/wp-content\/uploads\/2024\/09\/logos_muses.png\" class=\"attachment-large size-large wp-image-953\" alt=\"\" srcset=\"https:\/\/musesfestival.com\/wp-content\/uploads\/2024\/09\/logos_muses.png 625w, https:\/\/musesfestival.com\/wp-content\/uploads\/2024\/09\/logos_muses-300x300.png 300w, https:\/\/musesfestival.com\/wp-content\/uploads\/2024\/09\/logos_muses-150x150.png 150w\" sizes=\"(max-width: 625px) 100vw, 625px\" title=\"\">\t\t\t\t\t\t\t\t\t\t\t\t\t\t\t<\/div>\n\t\t\t\t<\/div>\n\t\t\t\t<div class=\"elementor-element elementor-element-b583649 elementor-widget elementor-widget-image\" data-id=\"b583649\" data-element_type=\"widget\" data-e-type=\"widget\" data-widget_type=\"image.default\">\n\t\t\t\t<div class=\"elementor-widget-container\">\n\t\t\t\t\t\t\t\t\t\t\t\t\t\t\t<img decoding=\"async\" width=\"625\" height=\"625\" src=\"https:\/\/musesfestival.com\/wp-content\/uploads\/2024\/09\/logos_muses2.png\" class=\"attachment-large size-large wp-image-955\" alt=\"\" srcset=\"https:\/\/musesfestival.com\/wp-content\/uploads\/2024\/09\/logos_muses2.png 625w, https:\/\/musesfestival.com\/wp-content\/uploads\/2024\/09\/logos_muses2-300x300.png 300w, https:\/\/musesfestival.com\/wp-content\/uploads\/2024\/09\/logos_muses2-150x150.png 150w\" sizes=\"(max-width: 625px) 100vw, 625px\" title=\"\">\t\t\t\t\t\t\t\t\t\t\t\t\t\t\t<\/div>\n\t\t\t\t<\/div>\n\t\t\t\t<div class=\"elementor-element elementor-element-11e9258 elementor-widget elementor-widget-image\" data-id=\"11e9258\" data-element_type=\"widget\" data-e-type=\"widget\" data-widget_type=\"image.default\">\n\t\t\t\t<div class=\"elementor-widget-container\">\n\t\t\t\t\t\t\t\t\t\t\t\t\t\t\t<img decoding=\"async\" width=\"300\" height=\"300\" src=\"https:\/\/musesfestival.com\/wp-content\/uploads\/2024\/10\/logos_muses16.png\" class=\"attachment-large size-large wp-image-1201\" alt=\"\" srcset=\"https:\/\/musesfestival.com\/wp-content\/uploads\/2024\/10\/logos_muses16.png 300w, https:\/\/musesfestival.com\/wp-content\/uploads\/2024\/10\/logos_muses16-150x150.png 150w\" sizes=\"(max-width: 300px) 100vw, 300px\" title=\"\">\t\t\t\t\t\t\t\t\t\t\t\t\t\t\t<\/div>\n\t\t\t\t<\/div>\n\t\t\t\t<\/div>\n\t\t\t\t<\/div>\n\t\t\t\t<\/div>\n\t\t<div class=\"elementor-element elementor-element-13e2813 e-con-full e-flex e-con e-child\" data-id=\"13e2813\" data-element_type=\"container\" data-e-type=\"container\">\n\t\t<div class=\"elementor-element elementor-element-4b5ea09 e-con-full e-flex e-con e-child\" data-id=\"4b5ea09\" data-element_type=\"container\" data-e-type=\"container\">\n\t\t\t\t<div class=\"elementor-element elementor-element-8d6a75a elementor-widget elementor-widget-heading\" data-id=\"8d6a75a\" data-element_type=\"widget\" data-e-type=\"widget\" data-widget_type=\"heading.default\">\n\t\t\t\t<div class=\"elementor-widget-container\">\n\t\t\t\t\t<h2 class=\"elementor-heading-title elementor-size-default\">Con el soporte:<\/h2>\t\t\t\t<\/div>\n\t\t\t\t<\/div>\n\t\t\t\t<\/div>\n\t\t<div class=\"elementor-element elementor-element-5417732 e-con-full e-flex e-con e-child\" data-id=\"5417732\" data-element_type=\"container\" data-e-type=\"container\">\n\t\t<div class=\"elementor-element elementor-element-c410303 e-grid e-con-full e-con e-child\" data-id=\"c410303\" data-element_type=\"container\" data-e-type=\"container\">\n\t\t\t\t<div class=\"elementor-element elementor-element-dcaf375 elementor-widget elementor-widget-image\" data-id=\"dcaf375\" data-element_type=\"widget\" data-e-type=\"widget\" data-widget_type=\"image.default\">\n\t\t\t\t<div class=\"elementor-widget-container\">\n\t\t\t\t\t\t\t\t\t\t\t\t\t\t\t<img loading=\"lazy\" decoding=\"async\" width=\"625\" height=\"625\" src=\"https:\/\/musesfestival.com\/wp-content\/uploads\/2024\/09\/logos_muses4.png\" class=\"attachment-large size-large wp-image-962\" alt=\"\" srcset=\"https:\/\/musesfestival.com\/wp-content\/uploads\/2024\/09\/logos_muses4.png 625w, https:\/\/musesfestival.com\/wp-content\/uploads\/2024\/09\/logos_muses4-300x300.png 300w, https:\/\/musesfestival.com\/wp-content\/uploads\/2024\/09\/logos_muses4-150x150.png 150w\" sizes=\"(max-width: 625px) 100vw, 625px\" title=\"\">\t\t\t\t\t\t\t\t\t\t\t\t\t\t\t<\/div>\n\t\t\t\t<\/div>\n\t\t\t\t<div class=\"elementor-element elementor-element-a19420f elementor-widget elementor-widget-image\" data-id=\"a19420f\" data-element_type=\"widget\" data-e-type=\"widget\" data-widget_type=\"image.default\">\n\t\t\t\t<div class=\"elementor-widget-container\">\n\t\t\t\t\t\t\t\t\t\t\t\t\t\t\t<img loading=\"lazy\" decoding=\"async\" width=\"625\" height=\"625\" src=\"https:\/\/musesfestival.com\/wp-content\/uploads\/2024\/09\/logos_muses5.png\" class=\"attachment-large size-large wp-image-964\" alt=\"\" srcset=\"https:\/\/musesfestival.com\/wp-content\/uploads\/2024\/09\/logos_muses5.png 625w, https:\/\/musesfestival.com\/wp-content\/uploads\/2024\/09\/logos_muses5-300x300.png 300w, https:\/\/musesfestival.com\/wp-content\/uploads\/2024\/09\/logos_muses5-150x150.png 150w\" sizes=\"(max-width: 625px) 100vw, 625px\" title=\"\">\t\t\t\t\t\t\t\t\t\t\t\t\t\t\t<\/div>\n\t\t\t\t<\/div>\n\t\t\t\t<div class=\"elementor-element elementor-element-bbec4f9 elementor-widget elementor-widget-image\" data-id=\"bbec4f9\" data-element_type=\"widget\" data-e-type=\"widget\" data-widget_type=\"image.default\">\n\t\t\t\t<div class=\"elementor-widget-container\">\n\t\t\t\t\t\t\t\t\t\t\t\t\t\t\t<img loading=\"lazy\" decoding=\"async\" width=\"290\" height=\"290\" src=\"https:\/\/musesfestival.com\/wp-content\/uploads\/2025\/09\/logos_muses_202510.png\" class=\"attachment-large size-large wp-image-1460\" alt=\"\" srcset=\"https:\/\/musesfestival.com\/wp-content\/uploads\/2025\/09\/logos_muses_202510.png 290w, https:\/\/musesfestival.com\/wp-content\/uploads\/2025\/09\/logos_muses_202510-150x150.png 150w\" sizes=\"(max-width: 290px) 100vw, 290px\" title=\"\">\t\t\t\t\t\t\t\t\t\t\t\t\t\t\t<\/div>\n\t\t\t\t<\/div>\n\t\t\t\t<div class=\"elementor-element elementor-element-eb366ce elementor-widget elementor-widget-image\" data-id=\"eb366ce\" data-element_type=\"widget\" data-e-type=\"widget\" data-widget_type=\"image.default\">\n\t\t\t\t<div class=\"elementor-widget-container\">\n\t\t\t\t\t\t\t\t\t\t\t\t\t\t\t<img loading=\"lazy\" decoding=\"async\" width=\"290\" height=\"290\" src=\"https:\/\/musesfestival.com\/wp-content\/uploads\/2025\/09\/logos_muses_202511.png\" class=\"attachment-large size-large wp-image-1463\" alt=\"\" srcset=\"https:\/\/musesfestival.com\/wp-content\/uploads\/2025\/09\/logos_muses_202511.png 290w, https:\/\/musesfestival.com\/wp-content\/uploads\/2025\/09\/logos_muses_202511-150x150.png 150w\" sizes=\"(max-width: 290px) 100vw, 290px\" title=\"\">\t\t\t\t\t\t\t\t\t\t\t\t\t\t\t<\/div>\n\t\t\t\t<\/div>\n\t\t\t\t<div class=\"elementor-element elementor-element-1957534 elementor-widget elementor-widget-image\" data-id=\"1957534\" data-element_type=\"widget\" data-e-type=\"widget\" data-widget_type=\"image.default\">\n\t\t\t\t<div class=\"elementor-widget-container\">\n\t\t\t\t\t\t\t\t\t\t\t\t\t\t\t<img loading=\"lazy\" decoding=\"async\" width=\"625\" height=\"625\" src=\"https:\/\/musesfestival.com\/wp-content\/uploads\/2024\/09\/logos_muses6.png\" class=\"attachment-large size-large wp-image-966\" alt=\"\" srcset=\"https:\/\/musesfestival.com\/wp-content\/uploads\/2024\/09\/logos_muses6.png 625w, https:\/\/musesfestival.com\/wp-content\/uploads\/2024\/09\/logos_muses6-300x300.png 300w, https:\/\/musesfestival.com\/wp-content\/uploads\/2024\/09\/logos_muses6-150x150.png 150w\" sizes=\"(max-width: 625px) 100vw, 625px\" title=\"\">\t\t\t\t\t\t\t\t\t\t\t\t\t\t\t<\/div>\n\t\t\t\t<\/div>\n\t\t\t\t<div class=\"elementor-element elementor-element-98b10e8 elementor-widget elementor-widget-image\" data-id=\"98b10e8\" data-element_type=\"widget\" data-e-type=\"widget\" data-widget_type=\"image.default\">\n\t\t\t\t<div class=\"elementor-widget-container\">\n\t\t\t\t\t\t\t\t\t\t\t\t\t\t\t<img loading=\"lazy\" decoding=\"async\" width=\"290\" height=\"290\" src=\"https:\/\/musesfestival.com\/wp-content\/uploads\/2025\/09\/logos_muses_202512.png\" class=\"attachment-large size-large wp-image-1466\" alt=\"\" srcset=\"https:\/\/musesfestival.com\/wp-content\/uploads\/2025\/09\/logos_muses_202512.png 290w, https:\/\/musesfestival.com\/wp-content\/uploads\/2025\/09\/logos_muses_202512-150x150.png 150w\" sizes=\"(max-width: 290px) 100vw, 290px\" title=\"\">\t\t\t\t\t\t\t\t\t\t\t\t\t\t\t<\/div>\n\t\t\t\t<\/div>\n\t\t\t\t<div class=\"elementor-element elementor-element-182f191 elementor-widget elementor-widget-image\" data-id=\"182f191\" data-element_type=\"widget\" data-e-type=\"widget\" data-widget_type=\"image.default\">\n\t\t\t\t<div class=\"elementor-widget-container\">\n\t\t\t\t\t\t\t\t\t\t\t\t\t\t\t<img loading=\"lazy\" decoding=\"async\" width=\"300\" height=\"300\" src=\"https:\/\/musesfestival.com\/wp-content\/uploads\/2024\/11\/logos_muses17.png\" class=\"attachment-large size-large wp-image-1264\" alt=\"\" srcset=\"https:\/\/musesfestival.com\/wp-content\/uploads\/2024\/11\/logos_muses17.png 300w, https:\/\/musesfestival.com\/wp-content\/uploads\/2024\/11\/logos_muses17-150x150.png 150w\" sizes=\"(max-width: 300px) 100vw, 300px\" title=\"\">\t\t\t\t\t\t\t\t\t\t\t\t\t\t\t<\/div>\n\t\t\t\t<\/div>\n\t\t\t\t<div class=\"elementor-element elementor-element-377b4d7 elementor-widget elementor-widget-image\" data-id=\"377b4d7\" data-element_type=\"widget\" data-e-type=\"widget\" data-widget_type=\"image.default\">\n\t\t\t\t<div class=\"elementor-widget-container\">\n\t\t\t\t\t\t\t\t\t\t\t\t\t\t\t<img loading=\"lazy\" decoding=\"async\" width=\"290\" height=\"290\" src=\"https:\/\/musesfestival.com\/wp-content\/uploads\/2025\/09\/logos_muses_202513.png\" class=\"attachment-large size-large wp-image-1469\" alt=\"\" srcset=\"https:\/\/musesfestival.com\/wp-content\/uploads\/2025\/09\/logos_muses_202513.png 290w, https:\/\/musesfestival.com\/wp-content\/uploads\/2025\/09\/logos_muses_202513-150x150.png 150w\" sizes=\"(max-width: 290px) 100vw, 290px\" title=\"\">\t\t\t\t\t\t\t\t\t\t\t\t\t\t\t<\/div>\n\t\t\t\t<\/div>\n\t\t\t\t<div class=\"elementor-element elementor-element-e9406e3 elementor-widget elementor-widget-image\" data-id=\"e9406e3\" data-element_type=\"widget\" data-e-type=\"widget\" data-widget_type=\"image.default\">\n\t\t\t\t<div class=\"elementor-widget-container\">\n\t\t\t\t\t\t\t\t\t\t\t\t\t\t\t<img loading=\"lazy\" decoding=\"async\" width=\"290\" height=\"290\" src=\"https:\/\/musesfestival.com\/wp-content\/uploads\/2025\/09\/logos_muses_202514.png\" class=\"attachment-large size-large wp-image-1472\" alt=\"\" srcset=\"https:\/\/musesfestival.com\/wp-content\/uploads\/2025\/09\/logos_muses_202514.png 290w, https:\/\/musesfestival.com\/wp-content\/uploads\/2025\/09\/logos_muses_202514-150x150.png 150w\" sizes=\"(max-width: 290px) 100vw, 290px\" title=\"\">\t\t\t\t\t\t\t\t\t\t\t\t\t\t\t<\/div>\n\t\t\t\t<\/div>\n\t\t\t\t<div class=\"elementor-element elementor-element-54ffe4f elementor-widget elementor-widget-image\" data-id=\"54ffe4f\" data-element_type=\"widget\" data-e-type=\"widget\" data-widget_type=\"image.default\">\n\t\t\t\t<div class=\"elementor-widget-container\">\n\t\t\t\t\t\t\t\t\t\t\t\t\t\t\t<img loading=\"lazy\" decoding=\"async\" width=\"290\" height=\"290\" src=\"https:\/\/musesfestival.com\/wp-content\/uploads\/2025\/09\/logos_muses_202515.png\" class=\"attachment-large size-large wp-image-1475\" alt=\"\" srcset=\"https:\/\/musesfestival.com\/wp-content\/uploads\/2025\/09\/logos_muses_202515.png 290w, https:\/\/musesfestival.com\/wp-content\/uploads\/2025\/09\/logos_muses_202515-150x150.png 150w\" sizes=\"(max-width: 290px) 100vw, 290px\" title=\"\">\t\t\t\t\t\t\t\t\t\t\t\t\t\t\t<\/div>\n\t\t\t\t<\/div>\n\t\t\t\t<div class=\"elementor-element elementor-element-da50969 elementor-widget elementor-widget-image\" data-id=\"da50969\" data-element_type=\"widget\" data-e-type=\"widget\" data-widget_type=\"image.default\">\n\t\t\t\t<div class=\"elementor-widget-container\">\n\t\t\t\t\t\t\t\t\t\t\t\t\t\t\t<img loading=\"lazy\" decoding=\"async\" width=\"290\" height=\"290\" src=\"https:\/\/musesfestival.com\/wp-content\/uploads\/2025\/09\/logos_muses_202516.png\" class=\"attachment-large size-large wp-image-1478\" alt=\"\" srcset=\"https:\/\/musesfestival.com\/wp-content\/uploads\/2025\/09\/logos_muses_202516.png 290w, https:\/\/musesfestival.com\/wp-content\/uploads\/2025\/09\/logos_muses_202516-150x150.png 150w\" sizes=\"(max-width: 290px) 100vw, 290px\" title=\"\">\t\t\t\t\t\t\t\t\t\t\t\t\t\t\t<\/div>\n\t\t\t\t<\/div>\n\t\t\t\t<div class=\"elementor-element elementor-element-23518fa elementor-widget elementor-widget-image\" data-id=\"23518fa\" data-element_type=\"widget\" data-e-type=\"widget\" data-widget_type=\"image.default\">\n\t\t\t\t<div class=\"elementor-widget-container\">\n\t\t\t\t\t\t\t\t\t\t\t\t\t\t\t<img loading=\"lazy\" decoding=\"async\" width=\"290\" height=\"290\" src=\"https:\/\/musesfestival.com\/wp-content\/uploads\/2025\/09\/logos_muses_202517.png\" class=\"attachment-large size-large wp-image-1481\" alt=\"\" srcset=\"https:\/\/musesfestival.com\/wp-content\/uploads\/2025\/09\/logos_muses_202517.png 290w, https:\/\/musesfestival.com\/wp-content\/uploads\/2025\/09\/logos_muses_202517-150x150.png 150w\" sizes=\"(max-width: 290px) 100vw, 290px\" title=\"\">\t\t\t\t\t\t\t\t\t\t\t\t\t\t\t<\/div>\n\t\t\t\t<\/div>\n\t\t\t\t<div class=\"elementor-element elementor-element-9ecc62a elementor-widget elementor-widget-image\" data-id=\"9ecc62a\" data-element_type=\"widget\" data-e-type=\"widget\" data-widget_type=\"image.default\">\n\t\t\t\t<div class=\"elementor-widget-container\">\n\t\t\t\t\t\t\t\t\t\t\t\t\t\t\t<img loading=\"lazy\" decoding=\"async\" width=\"290\" height=\"290\" src=\"https:\/\/musesfestival.com\/wp-content\/uploads\/2025\/09\/logos_muses_202518.png\" class=\"attachment-large size-large wp-image-1484\" alt=\"\" srcset=\"https:\/\/musesfestival.com\/wp-content\/uploads\/2025\/09\/logos_muses_202518.png 290w, https:\/\/musesfestival.com\/wp-content\/uploads\/2025\/09\/logos_muses_202518-150x150.png 150w\" sizes=\"(max-width: 290px) 100vw, 290px\" title=\"\">\t\t\t\t\t\t\t\t\t\t\t\t\t\t\t<\/div>\n\t\t\t\t<\/div>\n\t\t\t\t<\/div>\n\t\t\t\t<\/div>\n\t\t\t\t<\/div>\n\t\t<div class=\"elementor-element elementor-element-c5821d6 e-con-full e-flex e-con e-child\" data-id=\"c5821d6\" data-element_type=\"container\" data-e-type=\"container\">\n\t\t<div class=\"elementor-element elementor-element-8a9570f e-con-full e-flex e-con e-child\" data-id=\"8a9570f\" data-element_type=\"container\" data-e-type=\"container\">\n\t\t\t\t<div class=\"elementor-element elementor-element-bfd1f5e elementor-widget elementor-widget-heading\" data-id=\"bfd1f5e\" data-element_type=\"widget\" data-e-type=\"widget\" data-widget_type=\"heading.default\">\n\t\t\t\t<div class=\"elementor-widget-container\">\n\t\t\t\t\t<h2 class=\"elementor-heading-title elementor-size-default\">Con la colaboraci\u00f3n<\/h2>\t\t\t\t<\/div>\n\t\t\t\t<\/div>\n\t\t\t\t<\/div>\n\t\t<div class=\"elementor-element elementor-element-32e1aa0 e-con-full e-flex e-con e-child\" data-id=\"32e1aa0\" data-element_type=\"container\" data-e-type=\"container\">\n\t\t<div class=\"elementor-element elementor-element-fa40b8e e-grid e-con-full e-con e-child\" data-id=\"fa40b8e\" data-element_type=\"container\" data-e-type=\"container\">\n\t\t\t\t<div class=\"elementor-element elementor-element-f3c6167 elementor-widget elementor-widget-image\" data-id=\"f3c6167\" data-element_type=\"widget\" data-e-type=\"widget\" data-widget_type=\"image.default\">\n\t\t\t\t<div class=\"elementor-widget-container\">\n\t\t\t\t\t\t\t\t\t\t\t\t\t\t\t<img loading=\"lazy\" decoding=\"async\" width=\"625\" height=\"625\" src=\"https:\/\/musesfestival.com\/wp-content\/uploads\/2024\/09\/logos_muses8.png\" class=\"attachment-large size-large wp-image-970\" alt=\"\" srcset=\"https:\/\/musesfestival.com\/wp-content\/uploads\/2024\/09\/logos_muses8.png 625w, https:\/\/musesfestival.com\/wp-content\/uploads\/2024\/09\/logos_muses8-300x300.png 300w, https:\/\/musesfestival.com\/wp-content\/uploads\/2024\/09\/logos_muses8-150x150.png 150w\" sizes=\"(max-width: 625px) 100vw, 625px\" title=\"\">\t\t\t\t\t\t\t\t\t\t\t\t\t\t\t<\/div>\n\t\t\t\t<\/div>\n\t\t\t\t<div class=\"elementor-element elementor-element-11abbff elementor-widget elementor-widget-image\" data-id=\"11abbff\" data-element_type=\"widget\" data-e-type=\"widget\" data-widget_type=\"image.default\">\n\t\t\t\t<div class=\"elementor-widget-container\">\n\t\t\t\t\t\t\t\t\t\t\t\t\t\t\t<img loading=\"lazy\" decoding=\"async\" width=\"625\" height=\"625\" src=\"https:\/\/musesfestival.com\/wp-content\/uploads\/2024\/09\/logos_muses10.png\" class=\"attachment-large size-large wp-image-974\" alt=\"\" srcset=\"https:\/\/musesfestival.com\/wp-content\/uploads\/2024\/09\/logos_muses10.png 625w, https:\/\/musesfestival.com\/wp-content\/uploads\/2024\/09\/logos_muses10-300x300.png 300w, https:\/\/musesfestival.com\/wp-content\/uploads\/2024\/09\/logos_muses10-150x150.png 150w\" sizes=\"(max-width: 625px) 100vw, 625px\" title=\"\">\t\t\t\t\t\t\t\t\t\t\t\t\t\t\t<\/div>\n\t\t\t\t<\/div>\n\t\t\t\t<div class=\"elementor-element elementor-element-cea45f8 elementor-widget elementor-widget-image\" data-id=\"cea45f8\" data-element_type=\"widget\" data-e-type=\"widget\" data-widget_type=\"image.default\">\n\t\t\t\t<div class=\"elementor-widget-container\">\n\t\t\t\t\t\t\t\t\t\t\t\t\t\t\t<img loading=\"lazy\" decoding=\"async\" width=\"625\" height=\"625\" src=\"https:\/\/musesfestival.com\/wp-content\/uploads\/2024\/09\/logos_muses11.png\" class=\"attachment-large size-large wp-image-976\" alt=\"\" srcset=\"https:\/\/musesfestival.com\/wp-content\/uploads\/2024\/09\/logos_muses11.png 625w, https:\/\/musesfestival.com\/wp-content\/uploads\/2024\/09\/logos_muses11-300x300.png 300w, https:\/\/musesfestival.com\/wp-content\/uploads\/2024\/09\/logos_muses11-150x150.png 150w\" sizes=\"(max-width: 625px) 100vw, 625px\" title=\"\">\t\t\t\t\t\t\t\t\t\t\t\t\t\t\t<\/div>\n\t\t\t\t<\/div>\n\t\t\t\t<\/div>\n\t\t\t\t<\/div>\n\t\t\t\t<\/div>\n\t\t\t\t<\/div>\n\t\t\t\t<\/div>\n\t\t\t\t<\/div>\n\t\t","protected":false},"excerpt":{"rendered":"<p>Patrocinadores Desde el Festival de Escena Musical Femenina, MUSES, queremos expresar nuestro profundo agradecimiento a nuestros patrocinadores: BOSE Profesional, CUPRA Baycar y Fundaci\u00f3 Privada Reddis. Vuestra confianza y apoyo han sido clave para dar visibilidad a los artistas y grupos musicales que participan en esta edici\u00f3n del festival. Tambi\u00e9n queremos agradecer el apoyo la Diputaci\u00f3n [&hellip;]<\/p>\n","protected":false},"author":1,"featured_media":0,"parent":0,"menu_order":0,"comment_status":"closed","ping_status":"closed","template":"","meta":{"footnotes":""},"class_list":["post-1090","page","type-page","status-publish","hentry"],"_links":{"self":[{"href":"https:\/\/musesfestival.com\/es\/wp-json\/wp\/v2\/pages\/1090","targetHints":{"allow":["GET"]}}],"collection":[{"href":"https:\/\/musesfestival.com\/es\/wp-json\/wp\/v2\/pages"}],"about":[{"href":"https:\/\/musesfestival.com\/es\/wp-json\/wp\/v2\/types\/page"}],"author":[{"embeddable":true,"href":"https:\/\/musesfestival.com\/es\/wp-json\/wp\/v2\/users\/1"}],"replies":[{"embeddable":true,"href":"https:\/\/musesfestival.com\/es\/wp-json\/wp\/v2\/comments?post=1090"}],"version-history":[{"count":13,"href":"https:\/\/musesfestival.com\/es\/wp-json\/wp\/v2\/pages\/1090\/revisions"}],"predecessor-version":[{"id":1863,"href":"https:\/\/musesfestival.com\/es\/wp-json\/wp\/v2\/pages\/1090\/revisions\/1863"}],"wp:attachment":[{"href":"https:\/\/musesfestival.com\/es\/wp-json\/wp\/v2\/media?parent=1090"}],"curies":[{"name":"wp","href":"https:\/\/api.w.org\/{rel}","templated":true}]}}