{"id":1083,"date":"2023-10-02T09:38:51","date_gmt":"2023-10-02T09:38:51","guid":{"rendered":"https:\/\/musesfestival.com\/politica-de-cookies\/"},"modified":"2024-09-25T17:07:37","modified_gmt":"2024-09-25T17:07:37","slug":"politica-de-cookies","status":"publish","type":"page","link":"https:\/\/musesfestival.com\/es\/politica-de-cookies\/","title":{"rendered":"Pol\u00edtica de cookies"},"content":{"rendered":"\t\t<div data-elementor-type=\"wp-page\" data-elementor-id=\"1083\" class=\"elementor elementor-1083 elementor-131\" data-elementor-post-type=\"page\">\n\t\t\t\t<div class=\"elementor-element elementor-element-2a41a58 e-con-full e-flex e-con e-parent\" data-id=\"2a41a58\" data-element_type=\"container\" data-e-type=\"container\">\n\t\t\t\t<div class=\"elementor-element elementor-element-0e94d59 elementor-widget elementor-widget-heading\" data-id=\"0e94d59\" data-element_type=\"widget\" data-e-type=\"widget\" data-widget_type=\"heading.default\">\n\t\t\t\t<div class=\"elementor-widget-container\">\n\t\t\t\t\t<h1 class=\"elementor-heading-title elementor-size-default\">Pol\u00edtica de cookies<\/h1>\t\t\t\t<\/div>\n\t\t\t\t<\/div>\n\t\t\t\t<div class=\"elementor-element elementor-element-5a7148e elementor-widget elementor-widget-text-editor\" data-id=\"5a7148e\" data-element_type=\"widget\" data-e-type=\"widget\" data-widget_type=\"text-editor.default\">\n\t\t\t\t<div class=\"elementor-widget-container\">\n\t\t\t\t\t\t\t\t\t<p>Fecha de entrada en vigor: 24-jul-2023<br \/>\u00daltima actualizaci\u00f3n: 24-jul-2023<\/p>\n<p>\u00bfQu\u00e9 son las cookies?<br \/>Esta Pol\u00edtica de cookies explica qu\u00e9 son las cookies y c\u00f3mo las utilizamos, los tipos de cookies que usamos, es decir, la informaci\u00f3n que recopilamos a trav\u00e9s de las cookies, c\u00f3mo se utiliza dicha informaci\u00f3n y c\u00f3mo gestionar la configuraci\u00f3n de las cookies.<\/p>\n<p>Las cookies son peque\u00f1os archivos de texto que se utilizan para almacenar peque\u00f1as piezas de informaci\u00f3n. Se guardan en tu dispositivo cuando el sitio web se carga en tu navegador. Estas cookies nos ayudan a que el sitio web funcione correctamente, a hacerlo m\u00e1s seguro, a ofrecer una mejor experiencia de usuario y a comprender c\u00f3mo funciona el sitio web, as\u00ed como a analizar qu\u00e9 funciona bien y qu\u00e9 necesita mejorar.  <\/p>\n<p>\u00bfC\u00f3mo utilizamos las cookies?<br \/>Como la mayor\u00eda de los servicios en l\u00ednea, nuestro sitio web utiliza cookies propias y de terceros para diversos prop\u00f3sitos. Las cookies propias son esencialmente necesarias para que el sitio web funcione correctamente y no recopilan ninguno de tus datos de identificaci\u00f3n personal. <\/p>\n<p>Las cookies de terceros que se utilizan en nuestro sitio web sirven principalmente para entender c\u00f3mo funciona el sitio, c\u00f3mo interact\u00faas con \u00e9l, mantener nuestros servicios seguros, proporcionarte anuncios relevantes y, en general, ofrecerte una experiencia de usuario mejorada y ayudarte a agilizar tus futuras interacciones con nuestro sitio web.<\/p>\n<h2>Tipos de cookies que utilizamos<\/h2>\n\t\t\t\t\t\t\t\t<\/div>\n\t\t\t\t<\/div>\n\t\t\t\t<div class=\"elementor-element elementor-element-5ff5c7d elementor-widget elementor-widget-html\" data-id=\"5ff5c7d\" data-element_type=\"widget\" data-e-type=\"widget\" data-widget_type=\"html.default\">\n\t\t\t\t<div class=\"elementor-widget-container\">\n\t\t\t\t\t<div class=\"cky-audit-table-element\"><\/div>\t\t\t\t<\/div>\n\t\t\t\t<\/div>\n\t\t\t\t<\/div>\n\t\t\t\t<\/div>\n\t\t","protected":false},"excerpt":{"rendered":"<p>Pol\u00edtica de cookies Fecha de entrada en vigor: 24-jul-2023\u00daltima actualizaci\u00f3n: 24-jul-2023 \u00bfQu\u00e9 son las cookies?Esta Pol\u00edtica de cookies explica qu\u00e9 son las cookies y c\u00f3mo las utilizamos, los tipos de cookies que usamos, es decir, la informaci\u00f3n que recopilamos a trav\u00e9s de las cookies, c\u00f3mo se utiliza dicha informaci\u00f3n y c\u00f3mo gestionar la configuraci\u00f3n de [&hellip;]<\/p>\n","protected":false},"author":1,"featured_media":0,"parent":0,"menu_order":0,"comment_status":"closed","ping_status":"closed","template":"","meta":{"footnotes":""},"class_list":["post-1083","page","type-page","status-publish","hentry"],"_links":{"self":[{"href":"https:\/\/musesfestival.com\/es\/wp-json\/wp\/v2\/pages\/1083","targetHints":{"allow":["GET"]}}],"collection":[{"href":"https:\/\/musesfestival.com\/es\/wp-json\/wp\/v2\/pages"}],"about":[{"href":"https:\/\/musesfestival.com\/es\/wp-json\/wp\/v2\/types\/page"}],"author":[{"embeddable":true,"href":"https:\/\/musesfestival.com\/es\/wp-json\/wp\/v2\/users\/1"}],"replies":[{"embeddable":true,"href":"https:\/\/musesfestival.com\/es\/wp-json\/wp\/v2\/comments?post=1083"}],"version-history":[{"count":1,"href":"https:\/\/musesfestival.com\/es\/wp-json\/wp\/v2\/pages\/1083\/revisions"}],"predecessor-version":[{"id":1084,"href":"https:\/\/musesfestival.com\/es\/wp-json\/wp\/v2\/pages\/1083\/revisions\/1084"}],"wp:attachment":[{"href":"https:\/\/musesfestival.com\/es\/wp-json\/wp\/v2\/media?parent=1083"}],"curies":[{"name":"wp","href":"https:\/\/api.w.org\/{rel}","templated":true}]}}